{"id":2098,"date":"2024-01-02T20:22:59","date_gmt":"2024-01-02T20:22:59","guid":{"rendered":"https:\/\/octavixspeed.ro\/?page_id=2098"},"modified":"2024-01-02T20:27:29","modified_gmt":"2024-01-02T20:27:29","slug":"inchirieri","status":"publish","type":"page","link":"https:\/\/octavixspeed.ro\/index.php\/inchirieri\/","title":{"rendered":"\u00cenchirieri"},"content":{"rendered":"\t\t<div data-elementor-type=\"wp-post\" data-elementor-id=\"2098\" class=\"elementor elementor-2098\" data-elementor-post-type=\"page\">\n\t\t\t\t<div class=\"elementor-element elementor-element-d3376a9 e-con-full e-flex e-con e-parent\" data-id=\"d3376a9\" data-element_type=\"container\" data-settings=\"{&quot;background_background&quot;:&quot;classic&quot;}\">\n\t\t<div class=\"elementor-element elementor-element-4df2d06 e-con-full e-flex e-con e-child\" data-id=\"4df2d06\" data-element_type=\"container\" data-settings=\"{&quot;background_background&quot;:&quot;classic&quot;}\">\n\t\t\t\t<div class=\"elementor-element elementor-element-8280b2b elementor-widget elementor-widget-heading\" data-id=\"8280b2b\" data-element_type=\"widget\" data-widget_type=\"heading.default\">\n\t\t\t\t<div class=\"elementor-widget-container\">\n\t\t\t<style>\/*! elementor - v3.21.0 - 22-05-2024 *\/\n.elementor-heading-title{padding:0;margin:0;line-height:1}.elementor-widget-heading .elementor-heading-title[class*=elementor-size-]>a{color:inherit;font-size:inherit;line-height:inherit}.elementor-widget-heading .elementor-heading-title.elementor-size-small{font-size:15px}.elementor-widget-heading .elementor-heading-title.elementor-size-medium{font-size:19px}.elementor-widget-heading .elementor-heading-title.elementor-size-large{font-size:29px}.elementor-widget-heading .elementor-heading-title.elementor-size-xl{font-size:39px}.elementor-widget-heading .elementor-heading-title.elementor-size-xxl{font-size:59px}<\/style><h2 class=\"elementor-heading-title elementor-size-default\">Nu dispui de un mijloc de transport?<\/h2>\t\t<\/div>\n\t\t\t\t<\/div>\n\t\t\t\t<div class=\"elementor-element elementor-element-62561a1 elementor-widget elementor-widget-text-editor\" data-id=\"62561a1\" data-element_type=\"widget\" data-widget_type=\"text-editor.default\">\n\t\t\t\t<div class=\"elementor-widget-container\">\n\t\t\t<style>\/*! elementor - v3.21.0 - 22-05-2024 *\/\n.elementor-widget-text-editor.elementor-drop-cap-view-stacked .elementor-drop-cap{background-color:#69727d;color:#fff}.elementor-widget-text-editor.elementor-drop-cap-view-framed .elementor-drop-cap{color:#69727d;border:3px solid;background-color:transparent}.elementor-widget-text-editor:not(.elementor-drop-cap-view-default) .elementor-drop-cap{margin-top:8px}.elementor-widget-text-editor:not(.elementor-drop-cap-view-default) .elementor-drop-cap-letter{width:1em;height:1em}.elementor-widget-text-editor .elementor-drop-cap{float:left;text-align:center;line-height:1;font-size:50px}.elementor-widget-text-editor .elementor-drop-cap-letter{display:inline-block}<\/style>\t\t\t\t<p><span class=\"C9DxTc \">\u00cen cazul \u00een care nu dispui de un mijloc de transport propriu,<\/span><span class=\"C9DxTc \"> noi \u00ee\u021bi putem pune la dispozi\u021bie un <\/span><span class=\"C9DxTc \">vehicul de \u00eenchiriat, <\/span><span class=\"C9DxTc \">complet echipat \u0219i preg\u0103tit pentru orice fel de curs\u0103.<\/span><\/p>\t\t\t\t\t\t<\/div>\n\t\t\t\t<\/div>\n\t\t\t\t<div class=\"elementor-element elementor-element-6ea9f8e elementor-view-default elementor-widget elementor-widget-icon\" data-id=\"6ea9f8e\" data-element_type=\"widget\" data-widget_type=\"icon.default\">\n\t\t\t\t<div class=\"elementor-widget-container\">\n\t\t\t\t\t<div class=\"elementor-icon-wrapper\">\n\t\t\t<a class=\"elementor-icon\" href=\"#auto\">\n\t\t\t<svg aria-hidden=\"true\" class=\"e-font-icon-svg e-far-arrow-alt-circle-down\" viewBox=\"0 0 512 512\" xmlns=\"http:\/\/www.w3.org\/2000\/svg\"><path d=\"M256 8C119 8 8 119 8 256s111 248 248 248 248-111 248-248S393 8 256 8zm0 448c-110.5 0-200-89.5-200-200S145.5 56 256 56s200 89.5 200 200-89.5 200-200 200zm-32-316v116h-67c-10.7 0-16 12.9-8.5 20.5l99 99c4.7 4.7 12.3 4.7 17 0l99-99c7.6-7.6 2.2-20.5-8.5-20.5h-67V140c0-6.6-5.4-12-12-12h-40c-6.6 0-12 5.4-12 12z\"><\/path><\/svg>\t\t\t<\/a>\n\t\t<\/div>\n\t\t\t\t<\/div>\n\t\t\t\t<\/div>\n\t\t\t\t<\/div>\n\t\t<div class=\"elementor-element elementor-element-0a17f52 e-con-full e-flex e-con e-child\" data-id=\"0a17f52\" data-element_type=\"container\" data-settings=\"{&quot;background_background&quot;:&quot;slideshow&quot;,&quot;background_slideshow_gallery&quot;:[{&quot;id&quot;:2100,&quot;url&quot;:&quot;https:\\\/\\\/octavixspeed.ro\\\/wp-content\\\/uploads\\\/2024\\\/01\\\/shutterstock_394138174-scaled.jpg&quot;}],&quot;background_slideshow_loop&quot;:&quot;yes&quot;,&quot;background_slideshow_slide_duration&quot;:5000,&quot;background_slideshow_slide_transition&quot;:&quot;fade&quot;,&quot;background_slideshow_transition_duration&quot;:500}\">\n\t\t\t\t<\/div>\n\t\t\t\t<\/div>\n\t\t<div class=\"elementor-element elementor-element-4e45a1d e-flex e-con-boxed e-con e-parent\" data-id=\"4e45a1d\" data-element_type=\"container\" id=\"auto\">\n\t\t\t\t\t<div class=\"e-con-inner\">\n\t\t<div class=\"elementor-element elementor-element-3ac2edf e-con-full e-flex e-con e-child\" data-id=\"3ac2edf\" data-element_type=\"container\">\n\t\t\t\t<div class=\"elementor-element elementor-element-b8b22ff elementor-widget elementor-widget-image\" data-id=\"b8b22ff\" data-element_type=\"widget\" data-widget_type=\"image.default\">\n\t\t\t\t<div class=\"elementor-widget-container\">\n\t\t\t<style>\/*! elementor - v3.21.0 - 22-05-2024 *\/\n.elementor-widget-image{text-align:center}.elementor-widget-image a{display:inline-block}.elementor-widget-image a img[src$=\".svg\"]{width:48px}.elementor-widget-image img{vertical-align:middle;display:inline-block}<\/style>\t\t\t\t\t\t\t\t\t\t<img fetchpriority=\"high\" decoding=\"async\" width=\"1024\" height=\"710\" src=\"https:\/\/octavixspeed.ro\/wp-content\/uploads\/2023\/12\/Jet14_50_BK-007U_M1_SYM1-1024x710.jpg\" class=\"attachment-large size-large wp-image-1310\" alt=\"\" srcset=\"https:\/\/octavixspeed.ro\/wp-content\/uploads\/2023\/12\/Jet14_50_BK-007U_M1_SYM1-1024x710.jpg 1024w, https:\/\/octavixspeed.ro\/wp-content\/uploads\/2023\/12\/Jet14_50_BK-007U_M1_SYM1-300x208.jpg 300w, https:\/\/octavixspeed.ro\/wp-content\/uploads\/2023\/12\/Jet14_50_BK-007U_M1_SYM1-768x533.jpg 768w, https:\/\/octavixspeed.ro\/wp-content\/uploads\/2023\/12\/Jet14_50_BK-007U_M1_SYM1-1536x1066.jpg 1536w, https:\/\/octavixspeed.ro\/wp-content\/uploads\/2023\/12\/Jet14_50_BK-007U_M1_SYM1-2048x1421.jpg 2048w\" sizes=\"(max-width: 1024px) 100vw, 1024px\" \/>\t\t\t\t\t\t\t\t\t\t\t\t\t<\/div>\n\t\t\t\t<\/div>\n\t\t\t\t<div class=\"elementor-element elementor-element-9d70e61 elementor-widget elementor-widget-heading\" data-id=\"9d70e61\" data-element_type=\"widget\" data-widget_type=\"heading.default\">\n\t\t\t\t<div class=\"elementor-widget-container\">\n\t\t\t<h2 class=\"elementor-heading-title elementor-size-default\">SYM Jet 14<\/h2>\t\t<\/div>\n\t\t\t\t<\/div>\n\t\t\t\t<div class=\"elementor-element elementor-element-bd0969a elementor-widget elementor-widget-text-editor\" data-id=\"bd0969a\" data-element_type=\"widget\" data-widget_type=\"text-editor.default\">\n\t\t\t\t<div class=\"elementor-widget-container\">\n\t\t\t\t\t\t\t<p><strong>&gt; Motorizare:<\/strong> Monocilindru in 4 timpi 49,5cc<br \/><strong>&gt; Capacitate rezervor:<\/strong> 7,5 litri<br \/><strong>&gt; Consum de carburant:<\/strong> 2,6 l\/100<br \/><strong>&gt; Combustibil:<\/strong> Benzin\u0103<br \/><strong>&gt; Greutate la plin:<\/strong> 119 kg<br \/><strong>&gt; An fabrica\u021bie:<\/strong> 2021<\/p>\t\t\t\t\t\t<\/div>\n\t\t\t\t<\/div>\n\t\t\t\t<div class=\"elementor-element elementor-element-06095ee elementor-widget elementor-widget-heading\" data-id=\"06095ee\" data-element_type=\"widget\" data-widget_type=\"heading.default\">\n\t\t\t\t<div class=\"elementor-widget-container\">\n\t\t\t<h2 class=\"elementor-heading-title elementor-size-default\">Pre\u021b: 250 RON \/ s\u0103pt\u0103m\u00e2n\u0103<\/h2>\t\t<\/div>\n\t\t\t\t<\/div>\n\t\t\t\t<div class=\"elementor-element elementor-element-96fbc79 elementor-align-left elementor-mobile-align-left elementor-widget elementor-widget-button\" data-id=\"96fbc79\" data-element_type=\"widget\" data-widget_type=\"button.default\">\n\t\t\t\t<div class=\"elementor-widget-container\">\n\t\t\t\t\t<div class=\"elementor-button-wrapper\">\n\t\t\t<a class=\"elementor-button elementor-button-link elementor-size-sm elementor-animation-grow\" href=\"tel:+40786866686\">\n\t\t\t\t\t\t<span class=\"elementor-button-content-wrapper\">\n\t\t\t\t\t\t<span class=\"elementor-button-icon elementor-align-icon-left\">\n\t\t\t\t<svg aria-hidden=\"true\" class=\"e-font-icon-svg e-fas-phone\" viewBox=\"0 0 512 512\" xmlns=\"http:\/\/www.w3.org\/2000\/svg\"><path d=\"M493.4 24.6l-104-24c-11.3-2.6-22.9 3.3-27.5 13.9l-48 112c-4.2 9.8-1.4 21.3 6.9 28l60.6 49.6c-36 76.7-98.9 140.5-177.2 177.2l-49.6-60.6c-6.8-8.3-18.2-11.1-28-6.9l-112 48C3.9 366.5-2 378.1.6 389.4l24 104C27.1 504.2 36.7 512 48 512c256.1 0 464-207.5 464-464 0-11.2-7.7-20.9-18.6-23.4z\"><\/path><\/svg>\t\t\t<\/span>\n\t\t\t\t\t\t\t\t\t<span class=\"elementor-button-text\">Sun\u0103-ne<\/span>\n\t\t\t\t\t<\/span>\n\t\t\t\t\t<\/a>\n\t\t<\/div>\n\t\t\t\t<\/div>\n\t\t\t\t<\/div>\n\t\t\t\t<div class=\"elementor-element elementor-element-1d6bded elementor-widget elementor-widget-heading\" data-id=\"1d6bded\" data-element_type=\"widget\" data-widget_type=\"heading.default\">\n\t\t\t\t<div class=\"elementor-widget-container\">\n\t\t\t<h2 class=\"elementor-heading-title elementor-size-default\">+40 786 866 686<\/h2>\t\t<\/div>\n\t\t\t\t<\/div>\n\t\t\t\t<\/div>\n\t\t<div class=\"elementor-element elementor-element-50ab0e4 e-con-full e-flex e-con e-child\" data-id=\"50ab0e4\" data-element_type=\"container\">\n\t\t\t\t<div class=\"elementor-element elementor-element-19d868c elementor-widget elementor-widget-image\" data-id=\"19d868c\" data-element_type=\"widget\" data-widget_type=\"image.default\">\n\t\t\t\t<div class=\"elementor-widget-container\">\n\t\t\t\t\t\t\t\t\t\t\t\t\t<img decoding=\"async\" width=\"1024\" height=\"710\" src=\"https:\/\/octavixspeed.ro\/wp-content\/uploads\/2023\/12\/SymphonyST_50_GY-430C_M1_SYM-1024x710.jpg\" class=\"attachment-large size-large wp-image-1311\" alt=\"\" srcset=\"https:\/\/octavixspeed.ro\/wp-content\/uploads\/2023\/12\/SymphonyST_50_GY-430C_M1_SYM-1024x710.jpg 1024w, https:\/\/octavixspeed.ro\/wp-content\/uploads\/2023\/12\/SymphonyST_50_GY-430C_M1_SYM-300x208.jpg 300w, https:\/\/octavixspeed.ro\/wp-content\/uploads\/2023\/12\/SymphonyST_50_GY-430C_M1_SYM-768x533.jpg 768w, https:\/\/octavixspeed.ro\/wp-content\/uploads\/2023\/12\/SymphonyST_50_GY-430C_M1_SYM-1536x1066.jpg 1536w, https:\/\/octavixspeed.ro\/wp-content\/uploads\/2023\/12\/SymphonyST_50_GY-430C_M1_SYM-2048x1421.jpg 2048w\" sizes=\"(max-width: 1024px) 100vw, 1024px\" \/>\t\t\t\t\t\t\t\t\t\t\t\t\t<\/div>\n\t\t\t\t<\/div>\n\t\t\t\t<div class=\"elementor-element elementor-element-0e9dee0 elementor-widget elementor-widget-heading\" data-id=\"0e9dee0\" data-element_type=\"widget\" data-widget_type=\"heading.default\">\n\t\t\t\t<div class=\"elementor-widget-container\">\n\t\t\t<h2 class=\"elementor-heading-title elementor-size-default\">SYM Symphony<\/h2>\t\t<\/div>\n\t\t\t\t<\/div>\n\t\t\t\t<div class=\"elementor-element elementor-element-9879623 elementor-widget elementor-widget-text-editor\" data-id=\"9879623\" data-element_type=\"widget\" data-widget_type=\"text-editor.default\">\n\t\t\t\t<div class=\"elementor-widget-container\">\n\t\t\t\t\t\t\t<p><strong>&gt; Motorizare:<\/strong> Monocilindru in 4 timpi 49,5cc<br \/><strong>&gt; Capacitate rezervor:<\/strong> 6,8 litri<br \/><strong>&gt; Consum de carburant:<\/strong> 2,5 l\/100<br \/><strong>&gt; Combustibil:<\/strong> Benzin\u0103<br \/><strong>&gt; Greutate la plin:<\/strong> 117 kg<br \/><strong>&gt; An fabrica\u021bie:<\/strong> 2021<\/p>\t\t\t\t\t\t<\/div>\n\t\t\t\t<\/div>\n\t\t\t\t<div class=\"elementor-element elementor-element-38541c0 elementor-widget elementor-widget-heading\" data-id=\"38541c0\" data-element_type=\"widget\" data-widget_type=\"heading.default\">\n\t\t\t\t<div class=\"elementor-widget-container\">\n\t\t\t<h2 class=\"elementor-heading-title elementor-size-default\">Pre\u021b: 250 RON \/ s\u0103pt\u0103m\u00e2n\u0103<\/h2>\t\t<\/div>\n\t\t\t\t<\/div>\n\t\t\t\t<div class=\"elementor-element elementor-element-513cfb5 elementor-align-left elementor-mobile-align-left elementor-widget elementor-widget-button\" data-id=\"513cfb5\" data-element_type=\"widget\" data-widget_type=\"button.default\">\n\t\t\t\t<div class=\"elementor-widget-container\">\n\t\t\t\t\t<div class=\"elementor-button-wrapper\">\n\t\t\t<a class=\"elementor-button elementor-button-link elementor-size-sm elementor-animation-grow\" href=\"tel:+40786866686\">\n\t\t\t\t\t\t<span class=\"elementor-button-content-wrapper\">\n\t\t\t\t\t\t<span class=\"elementor-button-icon elementor-align-icon-left\">\n\t\t\t\t<svg aria-hidden=\"true\" class=\"e-font-icon-svg e-fas-phone\" viewBox=\"0 0 512 512\" xmlns=\"http:\/\/www.w3.org\/2000\/svg\"><path d=\"M493.4 24.6l-104-24c-11.3-2.6-22.9 3.3-27.5 13.9l-48 112c-4.2 9.8-1.4 21.3 6.9 28l60.6 49.6c-36 76.7-98.9 140.5-177.2 177.2l-49.6-60.6c-6.8-8.3-18.2-11.1-28-6.9l-112 48C3.9 366.5-2 378.1.6 389.4l24 104C27.1 504.2 36.7 512 48 512c256.1 0 464-207.5 464-464 0-11.2-7.7-20.9-18.6-23.4z\"><\/path><\/svg>\t\t\t<\/span>\n\t\t\t\t\t\t\t\t\t<span class=\"elementor-button-text\">Sun\u0103-ne<\/span>\n\t\t\t\t\t<\/span>\n\t\t\t\t\t<\/a>\n\t\t<\/div>\n\t\t\t\t<\/div>\n\t\t\t\t<\/div>\n\t\t\t\t<div class=\"elementor-element elementor-element-a23bc0e elementor-widget elementor-widget-heading\" data-id=\"a23bc0e\" data-element_type=\"widget\" data-widget_type=\"heading.default\">\n\t\t\t\t<div class=\"elementor-widget-container\">\n\t\t\t<h2 class=\"elementor-heading-title elementor-size-default\">+40 786 866 686<\/h2>\t\t<\/div>\n\t\t\t\t<\/div>\n\t\t\t\t<\/div>\n\t\t\t\t\t<\/div>\n\t\t\t\t<\/div>\n\t\t\t\t<\/div>\n\t\t","protected":false},"excerpt":{"rendered":"<p>Nu dispui de un mijloc de transport? \u00cen cazul \u00een care nu dispui de un mijloc de transport propriu, noi \u00ee\u021bi putem pune la dispozi\u021bie un vehicul de \u00eenchiriat, complet echipat \u0219i preg\u0103tit pentru orice fel de curs\u0103. SYM Jet 14 &gt; Motorizare: Monocilindru in 4 timpi 49,5cc&gt; Capacitate rezervor: 7,5 litri&gt; Consum de carburant:&hellip;&nbsp;<a href=\"https:\/\/octavixspeed.ro\/index.php\/inchirieri\/\" class=\"\" rel=\"bookmark\">Read More &raquo;<span class=\"screen-reader-text\">\u00cenchirieri<\/span><\/a><\/p>\n","protected":false},"author":1,"featured_media":0,"parent":0,"menu_order":0,"comment_status":"closed","ping_status":"closed","template":"page-templates\/template-pagebuilder-full-width.php","meta":{"neve_meta_sidebar":"","neve_meta_container":"","neve_meta_enable_content_width":"","neve_meta_content_width":0,"neve_meta_title_alignment":"","neve_meta_author_avatar":"","neve_post_elements_order":"","neve_meta_disable_header":"","neve_meta_disable_footer":"","neve_meta_disable_title":"","footnotes":""},"class_list":["post-2098","page","type-page","status-publish","hentry"],"_links":{"self":[{"href":"https:\/\/octavixspeed.ro\/index.php\/wp-json\/wp\/v2\/pages\/2098","targetHints":{"allow":["GET"]}}],"collection":[{"href":"https:\/\/octavixspeed.ro\/index.php\/wp-json\/wp\/v2\/pages"}],"about":[{"href":"https:\/\/octavixspeed.ro\/index.php\/wp-json\/wp\/v2\/types\/page"}],"author":[{"embeddable":true,"href":"https:\/\/octavixspeed.ro\/index.php\/wp-json\/wp\/v2\/users\/1"}],"replies":[{"embeddable":true,"href":"https:\/\/octavixspeed.ro\/index.php\/wp-json\/wp\/v2\/comments?post=2098"}],"version-history":[{"count":10,"href":"https:\/\/octavixspeed.ro\/index.php\/wp-json\/wp\/v2\/pages\/2098\/revisions"}],"predecessor-version":[{"id":2109,"href":"https:\/\/octavixspeed.ro\/index.php\/wp-json\/wp\/v2\/pages\/2098\/revisions\/2109"}],"wp:attachment":[{"href":"https:\/\/octavixspeed.ro\/index.php\/wp-json\/wp\/v2\/media?parent=2098"}],"curies":[{"name":"wp","href":"https:\/\/api.w.org\/{rel}","templated":true}]}}